{"id":161,"date":"2024-08-01T14:10:42","date_gmt":"2024-08-01T12:10:42","guid":{"rendered":"http:\/\/hannaploier.at\/?page_id=161"},"modified":"2025-08-11T09:35:09","modified_gmt":"2025-08-11T07:35:09","slug":"agb","status":"publish","type":"page","link":"https:\/\/hannaploier.at\/en\/agb\/","title":{"rendered":"GTC"},"content":{"rendered":"<div data-elementor-type=\"wp-page\" data-elementor-id=\"161\" class=\"elementor elementor-161\">\n\t\t\t\t<div class=\"elementor-element elementor-element-5dfdc8b e-flex e-con-boxed e-con e-parent\" data-id=\"5dfdc8b\" data-element_type=\"container\">\n\t\t\t\t\t<div class=\"e-con-inner\">\n\t\t\t\t<div class=\"elementor-element elementor-element-bab4f11 elementor-widget elementor-widget-heading\" data-id=\"bab4f11\" data-element_type=\"widget\" data-widget_type=\"heading.default\">\n\t\t\t\t<div class=\"elementor-widget-container\">\n\t\t\t<h3 class=\"elementor-heading-title elementor-size-default\">GTC<\/h3>\t\t<\/div>\n\t\t\t\t<\/div>\n\t\t\t\t<div class=\"elementor-element elementor-element-dc8e6f5 elementor-widget elementor-widget-text-editor\" data-id=\"dc8e6f5\" data-element_type=\"widget\" data-widget_type=\"text-editor.default\">\n\t\t\t\t<div class=\"elementor-widget-container\">\n\t\t\t\t\t\t\t<p><strong>General Terms and Conditions (GTC)<\/strong><\/p><p><strong>1. scope of application<\/strong><br \/>These General Terms and Conditions apply to all contracts between Hanna Ploier-Niederschick (hereinafter referred to as the \u2018Provider\u2019) and the customer (hereinafter referred to as the \u2018Customer\u2019) for the provision of graphic design services.<\/p><p><strong>2. service description<\/strong><br \/>The provider offers graphic design services, including print design and digital design. The exact services are described in the offer.<\/p><p><strong>3. conclusion of contract<\/strong><br \/>A contract is concluded when the customer accepts the provider's written offer. The acceptance must be made in writing.<\/p><p><strong>4. Prices and terms of payment<\/strong><br \/>The prices are based on the hourly rates or project prices specified in the offer. The customer must make a down payment of 50% of the total amount. The remaining amount is due upon completion of the project and must be transferred to the provider's business account.<\/p><p><strong>5. terms of delivery<\/strong><br \/>The customer undertakes to provide the provider with precise descriptions of the project as well as all wishes and requirements in good time.<\/p><p><strong>6. right of cancellation<\/strong><br \/>The customer has the right to cancel the contract if the provider has not implemented services in accordance with the agreed description. In this case, the customer must inform the provider immediately.<\/p><p><strong>7. disclaimer<\/strong><br \/>The provider is only liable for damages caused by wilful or grossly negligent behaviour. Liability for slight negligence is excluded, except in the case of injury to life, limb or health.<\/p><p><strong>8. Place of jurisdiction and applicable law<\/strong><br \/>Austrian law shall apply to all disputes arising from this contractual relationship.\u00a0<\/p><p><strong>9. final provisions<\/strong><br \/>Should individual provisions of these GTC be or become invalid in whole or in part, the validity of the remaining provisions shall remain unaffected. The invalid provision shall be replaced by the statutory provision.<\/p><p><strong>10. changes to the GTC<\/strong><br \/>The provider reserves the right to amend these General Terms and Conditions at any time. The customer will be notified of the changes in writing. The new General Terms and Conditions shall be deemed accepted if the customer does not object in writing within two weeks of receipt of the notification.<\/p>\t\t\t\t\t\t<\/div>\n\t\t\t\t<\/div>\n\t\t\t\t\t<\/div>\n\t\t\t\t<\/div>\n\t\t\t\t<\/div>","protected":false},"excerpt":{"rendered":"<p>AGB Allgemeine Gesch\u00e4ftsbedingungen (AGB) 1. GeltungsbereichDiese Allgemeinen Gesch\u00e4ftsbedingungen gelten f\u00fcr alle Vertr\u00e4ge zwischen Hanna Ploier-Niederschick (im Folgenden \u201eAnbieter\u201c genannt) und [&hellip;]<\/p>\n","protected":false},"author":1,"featured_media":0,"parent":0,"menu_order":0,"comment_status":"closed","ping_status":"closed","template":"","meta":{"site-sidebar-layout":"no-sidebar","site-content-layout":"","ast-site-content-layout":"full-width-container","site-content-style":"default","site-sidebar-style":"default","ast-global-header-display":"","ast-banner-title-visibility":"","ast-main-header-display":"","ast-hfb-above-header-display":"","ast-hfb-below-header-display":"","ast-hfb-mobile-header-display":"","site-post-title":"disabled","ast-breadcrumbs-content":"","ast-featured-img":"disabled","footer-sml-layout":"","theme-transparent-header-meta":"","adv-header-id-meta":"","stick-header-meta":"","header-above-stick-meta":"","header-main-stick-meta":"","header-below-stick-meta":"","astra-migrate-meta-layouts":"default","ast-page-background-enabled":"default","ast-page-background-meta":{"desktop":{"background-color":"var(--ast-global-color-4)","background-image":"","background-repeat":"repeat","background-position":"center center","background-size":"auto","background-attachment":"scroll","background-type":"","background-media":"","overlay-type":"","overlay-color":"","overlay-opacity":"","overlay-gradient":""},"tablet":{"background-color":"","background-image":"","background-repeat":"repeat","background-position":"center center","background-size":"auto","background-attachment":"scroll","background-type":"","background-media":"","overlay-type":"","overlay-color":"","overlay-opacity":"","overlay-gradient":""},"mobile":{"background-color":"","background-image":"","background-repeat":"repeat","background-position":"center center","background-size":"auto","background-attachment":"scroll","background-type":"","background-media":"","overlay-type":"","overlay-color":"","overlay-opacity":"","overlay-gradient":""}},"ast-content-background-meta":{"desktop":{"background-color":"var(--ast-global-color-5)","background-image":"","background-repeat":"repeat","background-position":"center center","background-size":"auto","background-attachment":"scroll","background-type":"","background-media":"","overlay-type":"","overlay-color":"","overlay-opacity":"","overlay-gradient":""},"tablet":{"background-color":"var(--ast-global-color-5)","background-image":"","background-repeat":"repeat","background-position":"center center","background-size":"auto","background-attachment":"scroll","background-type":"","background-media":"","overlay-type":"","overlay-color":"","overlay-opacity":"","overlay-gradient":""},"mobile":{"background-color":"var(--ast-global-color-5)","background-image":"","background-repeat":"repeat","background-position":"center center","background-size":"auto","background-attachment":"scroll","background-type":"","background-media":"","overlay-type":"","overlay-color":"","overlay-opacity":"","overlay-gradient":""}},"footnotes":""},"class_list":["post-161","page","type-page","status-publish","hentry"],"_links":{"self":[{"href":"https:\/\/hannaploier.at\/en\/wp-json\/wp\/v2\/pages\/161","targetHints":{"allow":["GET"]}}],"collection":[{"href":"https:\/\/hannaploier.at\/en\/wp-json\/wp\/v2\/pages"}],"about":[{"href":"https:\/\/hannaploier.at\/en\/wp-json\/wp\/v2\/types\/page"}],"author":[{"embeddable":true,"href":"https:\/\/hannaploier.at\/en\/wp-json\/wp\/v2\/users\/1"}],"replies":[{"embeddable":true,"href":"https:\/\/hannaploier.at\/en\/wp-json\/wp\/v2\/comments?post=161"}],"version-history":[{"count":7,"href":"https:\/\/hannaploier.at\/en\/wp-json\/wp\/v2\/pages\/161\/revisions"}],"predecessor-version":[{"id":179,"href":"https:\/\/hannaploier.at\/en\/wp-json\/wp\/v2\/pages\/161\/revisions\/179"}],"wp:attachment":[{"href":"https:\/\/hannaploier.at\/en\/wp-json\/wp\/v2\/media?parent=161"}],"curies":[{"name":"wp","href":"https:\/\/api.w.org\/{rel}","templated":true}]}}